{"id":44,"date":"2025-11-09T13:03:38","date_gmt":"2025-11-09T13:03:38","guid":{"rendered":"https:\/\/djmaeni.ch\/?page_id=44"},"modified":"2026-03-28T11:56:53","modified_gmt":"2026-03-28T11:56:53","slug":"vermietung-geschirr-und-geraete","status":"publish","type":"page","link":"https:\/\/djmaeni.ch\/?page_id=44","title":{"rendered":"Vermietung Geschirr und Ger\u00e4te"},"content":{"rendered":"<section style=\"max-width: 900px; margin: auto; padding: 2rem; font-family: 'Helvetica Neue',Arial,sans-serif; color: #333; line-height: 1.6;\">\n<h1><img loading=\"lazy\" decoding=\"async\" class=\"alignnone size-medium wp-image-94\" src=\"https:\/\/djmaeni.ch\/wp-content\/uploads\/2026\/03\/2025-11-09_13h12_37-300x140.png\" alt=\"\" width=\"300\" height=\"140\" srcset=\"https:\/\/djmaeni.ch\/wp-content\/uploads\/2026\/03\/2025-11-09_13h12_37-300x140.png 300w, https:\/\/djmaeni.ch\/wp-content\/uploads\/2026\/03\/2025-11-09_13h12_37.png 454w\" sizes=\"auto, (max-width: 300px) 100vw, 300px\" \/><\/h1>\n<h1 style=\"text-align: center; color: #b30000; font-size: 2rem; margin-bottom: 0.5rem;\">M\u00e4ni\u2019s Vermietung \u2013 Geschirr &amp; Ger\u00e4te<\/h1>\n<p style=\"text-align: center; color: #666; margin-bottom: 2rem;\">Wir bieten alles f\u00fcr Ihre Feier \u2013 Geschirr, Gl\u00e4ser, Besteck, Ger\u00e4te und Fondue-\/Raclette-Sets.<\/p>\n<style>\n    @media (max-width:700px){<br \/>      .offer-row{display:block!important;}<br \/>      .offer-cell{display:block!important;width:100%!important;margin-bottom:0.3rem;}<br \/>    }<br \/>  <\/style>\n<p><!-- TELLER & SCHALEN --><\/p>\n<div style=\"background: #fff5f5; border: 1px solid #f0c0c0; border-left: 5px solid #b30000; border-radius: 10px; padding: 1rem; margin-bottom: 1.5rem;\">\n<h2 style=\"color: #b30000; margin-top: 0; margin-bottom: 0.5rem;\">\ud83c\udf7d\ufe0f Teller &amp; Schalen<\/h2>\n<ul style=\"list-style: none; padding-left: 0; margin: 0;\">\n<li>\ud83d\udd38 Salat- oder Dessertteller (aus Glas, Blattform)<\/li>\n<li>\ud83d\udd38 Porzellanteller weiss rund, \u00d8 26 cm<\/li>\n<li>\ud83d\udd38 Raclette- und Fondueteller, oval, weiss<\/li>\n<li>\ud83d\udd38 Fitness-Porzellanteller weiss, oval<\/li>\n<li>\ud83d\udd38 Suppentassen mit Unterteller, weiss, 20 cl<\/li>\n<li>\ud83d\udd38 Cr\u00e8me Schalen aus Glas, rund<\/li>\n<\/ul>\n<\/div>\n<p><!-- GL\u00c4SER --><\/p>\n<div style=\"background: #fff5f5; border: 1px solid #f0c0c0; border-left: 5px solid #b30000; border-radius: 10px; padding: 1rem; margin-bottom: 1.5rem;\">\n<h2 style=\"color: #b30000; margin-top: 0; margin-bottom: 0.5rem;\">\ud83e\udd42 Gl\u00e4ser<\/h2>\n<ul style=\"list-style: none; padding-left: 0; margin: 0;\">\n<li>\ud83d\udd38 Weisswein<\/li>\n<li>\ud83d\udd38 Rotwein<\/li>\n<li>\ud83d\udd38 C\u00fcpli<\/li>\n<li>\ud83d\udd38 Wasser<\/li>\n<li>\ud83d\udd38 Cognac geeicht, 2 und 4 cl<\/li>\n<li>\ud83d\udd38 Karaffe 1 Liter<\/li>\n<li>\ud83d\udd38 Kaffee Tassen mit Unterteller<\/li>\n<li>\ud83d\udd38 Espresso-Tassen mit Unterteller<\/li>\n<li>\ud83d\udd38 Glas \u00abKafi-Fertig\u00bb<\/li>\n<\/ul>\n<\/div>\n<p><!-- BESTECK --><\/p>\n<div style=\"background: #fff5f5; border: 1px solid #f0c0c0; border-left: 5px solid #b30000; border-radius: 10px; padding: 1rem; margin-bottom: 1.5rem;\">\n<h2 style=\"color: #b30000; margin-top: 0; margin-bottom: 0.5rem;\">\ud83c\udf74 Besteck<\/h2>\n<ul style=\"list-style: none; padding-left: 0; margin: 0;\">\n<li>\ud83d\udd38 Gabeln<\/li>\n<li>\ud83d\udd38 Messer<\/li>\n<li>\ud83d\udd38 Suppenl\u00f6ffel<\/li>\n<li>\ud83d\udd38 Dessertl\u00f6ffel<\/li>\n<li>\ud83d\udd38 Kuchengabeln<\/li>\n<li>\ud83d\udd38 Kaffeel\u00f6ffel<\/li>\n<li>\ud83d\udd38 Espressol\u00f6ffel<\/li>\n<\/ul>\n<\/div>\n<p><!-- GROSSE GER\u00c4TE --><\/p>\n<div style=\"background: #fff5f5; border: 1px solid #f0c0c0; border-left: 5px solid #b30000; border-radius: 10px; padding: 1rem; margin-bottom: 1.5rem;\">\n<h2 style=\"color: #b30000; margin-top: 0; margin-bottom: 0.5rem;\">\u26a1 Ger\u00e4te<\/h2>\n<ul style=\"list-style: none; padding-left: 0; margin: 0;\">\n<li>\ud83d\udd38 Suppentopf Inhalt 9 Liter, Elektro, 220 Volt<\/li>\n<li>\ud83d\udd38 Gl\u00fchwein-Topf Inhalt 25 Liter, Elektro, 220 Volt<\/li>\n<li>\ud83d\udd38 Raclette-Tischgrill f\u00fcr 6 Personen, mit Pf\u00e4nnli, Elektro, 220 Volt<\/li>\n<li>\ud83d\udd38 K\u00e4se Fondue-Set Caquelon, Untergestell mit 1 Pasten-Brenner gef\u00fcllt, 6 Fonduegabeln, 1 Alu-Blech rund, Brennpaste zum Auff\u00fcllen<\/li>\n<li>\ud83d\udd38 Chinoise-Rechaud mit Pf\u00e4nnli, Untergestell, 1 Pasten-Brenner gef\u00fcllt, 6 Gabeln, Saucenschalen mit L\u00f6ffeli, Brennpaste zum Auff\u00fcllen<\/li>\n<\/ul>\n<\/div>\n<hr style=\"border: none; border-top: 1px solid #ccc; margin: 2rem 0;\" \/>\n<p style=\"text-align: center; color: #b30000; font-weight: bold;\">Kontaktieren Sie uns f\u00fcr die Vermietung von Geschirr und Ger\u00e4ten \u2013 alles f\u00fcr Ihr Event aus einer Hand!<\/p>\n<\/section>\n","protected":false},"excerpt":{"rendered":"<p>M\u00e4ni\u2019s Vermietung \u2013 Geschirr &amp; Ger\u00e4te Wir bieten alles f\u00fcr Ihre Feier \u2013 Geschirr, Gl\u00e4ser, Besteck, Ger\u00e4te und Fondue-\/Raclette-Sets. \ud83c\udf7d\ufe0f Teller &amp; Schalen \ud83d\udd38 Salat- oder Dessertteller (aus Glas, Blattform) \ud83d\udd38 Porzellanteller weiss rund, \u00d8 26 cm \ud83d\udd38 Raclette- und Fondueteller, oval, weiss \ud83d\udd38 Fitness-Porzellanteller weiss, oval \ud83d\udd38 Suppentassen mit Unterteller, weiss, 20 cl \ud83d\udd38 [&hellip;]<\/p>\n","protected":false},"author":1,"featured_media":0,"parent":0,"menu_order":0,"comment_status":"closed","ping_status":"closed","template":"","meta":{"footnotes":""},"class_list":["post-44","page","type-page","status-publish","hentry"],"_links":{"self":[{"href":"https:\/\/djmaeni.ch\/index.php?rest_route=\/wp\/v2\/pages\/44","targetHints":{"allow":["GET"]}}],"collection":[{"href":"https:\/\/djmaeni.ch\/index.php?rest_route=\/wp\/v2\/pages"}],"about":[{"href":"https:\/\/djmaeni.ch\/index.php?rest_route=\/wp\/v2\/types\/page"}],"author":[{"embeddable":true,"href":"https:\/\/djmaeni.ch\/index.php?rest_route=\/wp\/v2\/users\/1"}],"replies":[{"embeddable":true,"href":"https:\/\/djmaeni.ch\/index.php?rest_route=%2Fwp%2Fv2%2Fcomments&post=44"}],"version-history":[{"count":3,"href":"https:\/\/djmaeni.ch\/index.php?rest_route=\/wp\/v2\/pages\/44\/revisions"}],"predecessor-version":[{"id":113,"href":"https:\/\/djmaeni.ch\/index.php?rest_route=\/wp\/v2\/pages\/44\/revisions\/113"}],"wp:attachment":[{"href":"https:\/\/djmaeni.ch\/index.php?rest_route=%2Fwp%2Fv2%2Fmedia&parent=44"}],"curies":[{"name":"wp","href":"https:\/\/api.w.org\/{rel}","templated":true}]}}