{"id":2,"date":"2025-11-06T10:52:06","date_gmt":"2025-11-06T10:52:06","guid":{"rendered":"https:\/\/djmaeni.ch\/?page_id=2"},"modified":"2026-03-28T11:33:14","modified_gmt":"2026-03-28T11:33:14","slug":"sample-page","status":"publish","type":"page","link":"https:\/\/djmaeni.ch\/","title":{"rendered":"Home"},"content":{"rendered":"<div style=\"max-width: 800px; margin: 0 auto; padding: 2rem; font-family: Arial, sans-serif; line-height: 1.6; color: #333;\">\n<h1><img loading=\"lazy\" decoding=\"async\" class=\"alignnone size-medium wp-image-94\" src=\"https:\/\/djmaeni.ch\/wp-content\/uploads\/2026\/03\/2025-11-09_13h12_37-300x140.png\" alt=\"\" width=\"300\" height=\"140\" srcset=\"https:\/\/djmaeni.ch\/wp-content\/uploads\/2026\/03\/2025-11-09_13h12_37-300x140.png 300w, https:\/\/djmaeni.ch\/wp-content\/uploads\/2026\/03\/2025-11-09_13h12_37.png 454w\" sizes=\"auto, (max-width: 300px) 100vw, 300px\" \/><\/h1>\n<h2 style=\"text-align: center; font-size: 2rem; margin-bottom: 1.5rem; color: #e74c3c;\">Unsere Leistungen<\/h2>\n<ul style=\"list-style: none; padding: 0; text-align: center; font-size: 1.2rem; margin-bottom: 2rem;\">\n<li style=\"margin-bottom: 0.5rem;\">\ud83c\udf7d\ufe0f <strong>Partyservice<\/strong><\/li>\n<li style=\"margin-bottom: 0.5rem;\">\u2728 <strong>Spezielles<\/strong><\/li>\n<li style=\"margin-bottom: 0.5rem;\">\ud83c\udfe0 <strong>Vermietungen<\/strong><\/li>\n<li style=\"margin-bottom: 0.5rem;\">\ud83c\udfe0 <strong>DJ Maeni<\/strong><\/li>\n<\/ul>\n<h2 style=\"font-size: 2rem; margin-bottom: 1rem; color: #e74c3c;\">Es gibt nichts Sch\u00f6neres:<\/h2>\n<ul style=\"list-style: none; padding: 0; font-size: 1.2rem; margin-bottom: 2rem;\">\n<li style=\"margin-bottom: 0.5rem;\">\u263a sich von Herzens-Lust verw\u00f6hnen zu lassen<\/li>\n<li style=\"margin-bottom: 0.5rem;\">\u263a sich ein sch\u00f6nes St\u00fcck vom Gl\u00fcck g\u00f6nnen<\/li>\n<li style=\"margin-bottom: 0.5rem;\">\u263a unvergessliche Stunden erleben<\/li>\n<\/ul>\n<p style=\"font-size: 1.2rem; margin-bottom: 1.5rem;\">Planen Sie demn\u00e4chst ein Geburtstags-Fest, eine Familienfeier, einen Firmen- oder Vereins-Event?<br \/>\nDamit Sie sich unbeschwert und gem\u00fctlich Ihren G\u00e4sten widmen k\u00f6nnen, profitieren Sie von unseren Dienstleistungen:<\/p>\n<ul style=\"list-style: none; padding: 0; font-size: 1.2rem; margin-bottom: 2rem;\">\n<li style=\"margin-bottom: 0.5rem;\">\ud83c\udf7d\ufe0f Partyservice<\/li>\n<li style=\"margin-bottom: 0.5rem;\">\u2728 Spezielles<\/li>\n<li style=\"margin-bottom: 0.5rem;\">\ud83c\udfe0 Vermietungen<\/li>\n<li style=\"margin-bottom: 0.5rem;\">\ud83c\udfe0 DJ Maeni<\/li>\n<\/ul>\n<p style=\"font-size: 1.2rem; margin-bottom: 2rem;\">Bei der Planung und Organisation sowie beim Zusammenstellen Ihres Lieblingsessens sind wir gerne behilflich.<br \/>\nLassen Sie sich von unseren kulinarischen K\u00f6stlichkeiten inspirieren.<br \/>\nMachen Sie es sich bequem \u2013 profitieren Sie von unserem Vollservice!<\/p>\n<div style=\"text-align: center; margin: 3rem 0;\"><a style=\"background-color: #e74c3c; color: #fff; padding: 1rem 2rem; border-radius: 8px; text-decoration: none; font-weight: bold; display: inline-block; transition: background-color 0.2s ease, transform 0.2s ease;\" href=\"mailto:info@maenis.ch\"><br \/>\nKontaktieren Sie uns!<br \/>\n<\/a><\/div>\n<div style=\"font-size: 1.2rem; line-height: 1.5; text-align: center;\">\n<p><strong>Hermann Sch\u00e4rli<\/strong><\/p>\n<p>Chileweid 16<br \/>\n6026 Rain<\/p>\n<\/div>\n<\/div>\n","protected":false},"excerpt":{"rendered":"<p>Unsere Leistungen \ud83c\udf7d\ufe0f Partyservice \u2728 Spezielles \ud83c\udfe0 Vermietungen \ud83c\udfe0 DJ Maeni Es gibt nichts Sch\u00f6neres: \u263a sich von Herzens-Lust verw\u00f6hnen zu lassen \u263a sich ein sch\u00f6nes St\u00fcck vom Gl\u00fcck g\u00f6nnen \u263a unvergessliche Stunden erleben Planen Sie demn\u00e4chst ein Geburtstags-Fest, eine Familienfeier, einen Firmen- oder Vereins-Event? Damit Sie sich unbeschwert und gem\u00fctlich Ihren G\u00e4sten widmen k\u00f6nnen, [&hellip;]<\/p>\n","protected":false},"author":1,"featured_media":0,"parent":0,"menu_order":0,"comment_status":"closed","ping_status":"closed","template":"","meta":{"footnotes":""},"class_list":["post-2","page","type-page","status-publish","hentry"],"_links":{"self":[{"href":"https:\/\/djmaeni.ch\/index.php?rest_route=\/wp\/v2\/pages\/2","targetHints":{"allow":["GET"]}}],"collection":[{"href":"https:\/\/djmaeni.ch\/index.php?rest_route=\/wp\/v2\/pages"}],"about":[{"href":"https:\/\/djmaeni.ch\/index.php?rest_route=\/wp\/v2\/types\/page"}],"author":[{"embeddable":true,"href":"https:\/\/djmaeni.ch\/index.php?rest_route=\/wp\/v2\/users\/1"}],"replies":[{"embeddable":true,"href":"https:\/\/djmaeni.ch\/index.php?rest_route=%2Fwp%2Fv2%2Fcomments&post=2"}],"version-history":[{"count":8,"href":"https:\/\/djmaeni.ch\/index.php?rest_route=\/wp\/v2\/pages\/2\/revisions"}],"predecessor-version":[{"id":101,"href":"https:\/\/djmaeni.ch\/index.php?rest_route=\/wp\/v2\/pages\/2\/revisions\/101"}],"wp:attachment":[{"href":"https:\/\/djmaeni.ch\/index.php?rest_route=%2Fwp%2Fv2%2Fmedia&parent=2"}],"curies":[{"name":"wp","href":"https:\/\/api.w.org\/{rel}","templated":true}]}}